{"id":42,"date":"2022-01-30T11:36:29","date_gmt":"2022-01-30T11:36:29","guid":{"rendered":"https:\/\/www.so-jazz.com\/?page_id=42"},"modified":"2022-01-30T18:54:03","modified_gmt":"2022-01-30T18:54:03","slug":"sophie","status":"publish","type":"page","link":"https:\/\/www.so-jazz.com\/?page_id=42","title":{"rendered":"Sophie"},"content":{"rendered":"\t\t<div data-elementor-type=\"wp-page\" data-elementor-id=\"42\" class=\"elementor elementor-42\" data-elementor-settings=\"[]\">\n\t\t\t\t\t\t\t<div class=\"elementor-section-wrap\">\n\t\t\t\t\t\t\t<section class=\"elementor-section elementor-top-section elementor-element elementor-element-44e3bb9 elementor-section-boxed elementor-section-height-default elementor-section-height-default\" data-id=\"44e3bb9\" data-element_type=\"section\">\n\t\t\t\t\t\t<div class=\"elementor-container elementor-column-gap-default\">\n\t\t\t\t\t<div class=\"elementor-column elementor-col-66 elementor-top-column elementor-element elementor-element-8435bb3\" data-id=\"8435bb3\" data-element_type=\"column\">\n\t\t\t<div class=\"elementor-widget-wrap elementor-element-populated\">\n\t\t\t\t\t\t\t\t<div class=\"elementor-element elementor-element-18d0511 elementor-widget elementor-widget-image\" data-id=\"18d0511\" data-element_type=\"widget\" data-widget_type=\"image.default\">\n\t\t\t\t<div class=\"elementor-widget-container\">\n\t\t\t<style>\/*! elementor - v3.5.3 - 28-12-2021 *\/\n.elementor-widget-image{text-align:center}.elementor-widget-image a{display:inline-block}.elementor-widget-image a img[src$=\".svg\"]{width:48px}.elementor-widget-image img{vertical-align:middle;display:inline-block}<\/style>\t\t\t\t\t\t\t\t\t\t\t\t<img width=\"523\" height=\"220\" src=\"https:\/\/www.so-jazz.com\/wp-content\/uploads\/2022\/01\/SophieHAMARD.jpg\" class=\"attachment-large size-large\" alt=\"\" loading=\"lazy\" srcset=\"https:\/\/www.so-jazz.com\/wp-content\/uploads\/2022\/01\/SophieHAMARD.jpg 523w, https:\/\/www.so-jazz.com\/wp-content\/uploads\/2022\/01\/SophieHAMARD-300x126.jpg 300w\" sizes=\"(max-width: 523px) 100vw, 523px\" \/>\t\t\t\t\t\t\t\t\t\t\t\t\t\t\t<\/div>\n\t\t\t\t<\/div>\n\t\t\t\t\t<\/div>\n\t\t<\/div>\n\t\t\t\t<div class=\"elementor-column elementor-col-33 elementor-top-column elementor-element elementor-element-6b643c8\" data-id=\"6b643c8\" data-element_type=\"column\">\n\t\t\t<div class=\"elementor-widget-wrap elementor-element-populated\">\n\t\t\t\t\t\t\t\t<div class=\"elementor-element elementor-element-26013e6 elementor-widget elementor-widget-image\" data-id=\"26013e6\" data-element_type=\"widget\" data-widget_type=\"image.default\">\n\t\t\t\t<div class=\"elementor-widget-container\">\n\t\t\t\t\t\t\t\t\t\t\t\t\t\t\t<img width=\"200\" height=\"301\" src=\"https:\/\/www.so-jazz.com\/wp-content\/uploads\/2022\/01\/Sophie-4.jpg\" class=\"attachment-large size-large\" alt=\"\" loading=\"lazy\" \/>\t\t\t\t\t\t\t\t\t\t\t\t\t\t\t<\/div>\n\t\t\t\t<\/div>\n\t\t\t\t\t<\/div>\n\t\t<\/div>\n\t\t\t\t\t\t\t<\/div>\n\t\t<\/section>\n\t\t\t\t<section class=\"elementor-section elementor-top-section elementor-element elementor-element-4de4394 elementor-section-boxed elementor-section-height-default elementor-section-height-default\" data-id=\"4de4394\" data-element_type=\"section\">\n\t\t\t\t\t\t<div class=\"elementor-container elementor-column-gap-default\">\n\t\t\t\t\t<div class=\"elementor-column elementor-col-100 elementor-top-column elementor-element elementor-element-577e190\" data-id=\"577e190\" data-element_type=\"column\">\n\t\t\t<div class=\"elementor-widget-wrap elementor-element-populated\">\n\t\t\t\t\t\t\t\t<div class=\"elementor-element elementor-element-138167d elementor-widget-divider--view-line elementor-widget elementor-widget-divider\" data-id=\"138167d\" data-element_type=\"widget\" data-widget_type=\"divider.default\">\n\t\t\t\t<div class=\"elementor-widget-container\">\n\t\t\t<style>\/*! elementor - v3.5.3 - 28-12-2021 *\/\n.elementor-widget-divider{--divider-border-style:none;--divider-border-width:1px;--divider-color:#2c2c2c;--divider-icon-size:20px;--divider-element-spacing:10px;--divider-pattern-height:24px;--divider-pattern-size:20px;--divider-pattern-url:none;--divider-pattern-repeat:repeat-x}.elementor-widget-divider .elementor-divider{display:-webkit-box;display:-ms-flexbox;display:flex}.elementor-widget-divider .elementor-divider__text{font-size:15px;line-height:1;max-width:95%}.elementor-widget-divider .elementor-divider__element{margin:0 var(--divider-element-spacing);-ms-flex-negative:0;flex-shrink:0}.elementor-widget-divider .elementor-icon{font-size:var(--divider-icon-size)}.elementor-widget-divider .elementor-divider-separator{display:-webkit-box;display:-ms-flexbox;display:flex;margin:0;direction:ltr}.elementor-widget-divider--view-line_icon .elementor-divider-separator,.elementor-widget-divider--view-line_text .elementor-divider-separator{-webkit-box-align:center;-ms-flex-align:center;align-items:center}.elementor-widget-divider--view-line_icon .elementor-divider-separator:after,.elementor-widget-divider--view-line_icon .elementor-divider-separator:before,.elementor-widget-divider--view-line_text .elementor-divider-separator:after,.elementor-widget-divider--view-line_text .elementor-divider-separator:before{display:block;content:\"\";border-bottom:0;-webkit-box-flex:1;-ms-flex-positive:1;flex-grow:1;border-top:var(--divider-border-width) var(--divider-border-style) var(--divider-color)}.elementor-widget-divider--element-align-left .elementor-divider .elementor-divider-separator>.elementor-divider__svg:first-of-type{-webkit-box-flex:0;-ms-flex-positive:0;flex-grow:0;-ms-flex-negative:100;flex-shrink:100}.elementor-widget-divider--element-align-left .elementor-divider-separator:before{content:none}.elementor-widget-divider--element-align-left .elementor-divider__element{margin-left:0}.elementor-widget-divider--element-align-right .elementor-divider .elementor-divider-separator>.elementor-divider__svg:last-of-type{-webkit-box-flex:0;-ms-flex-positive:0;flex-grow:0;-ms-flex-negative:100;flex-shrink:100}.elementor-widget-divider--element-align-right .elementor-divider-separator:after{content:none}.elementor-widget-divider--element-align-right .elementor-divider__element{margin-right:0}.elementor-widget-divider:not(.elementor-widget-divider--view-line_text):not(.elementor-widget-divider--view-line_icon) .elementor-divider-separator{border-top:var(--divider-border-width) var(--divider-border-style) var(--divider-color)}.elementor-widget-divider--separator-type-pattern{--divider-border-style:none}.elementor-widget-divider--separator-type-pattern.elementor-widget-divider--view-line .elementor-divider-separator,.elementor-widget-divider--separator-type-pattern:not(.elementor-widget-divider--view-line) .elementor-divider-separator:after,.elementor-widget-divider--separator-type-pattern:not(.elementor-widget-divider--view-line) .elementor-divider-separator:before,.elementor-widget-divider--separator-type-pattern:not([class*=elementor-widget-divider--view]) .elementor-divider-separator{width:100%;min-height:var(--divider-pattern-height);-webkit-mask-size:var(--divider-pattern-size) 100%;mask-size:var(--divider-pattern-size) 100%;-webkit-mask-repeat:var(--divider-pattern-repeat);mask-repeat:var(--divider-pattern-repeat);background-color:var(--divider-color);-webkit-mask-image:var(--divider-pattern-url);mask-image:var(--divider-pattern-url)}.elementor-widget-divider--no-spacing{--divider-pattern-size:auto}.elementor-widget-divider--bg-round{--divider-pattern-repeat:round}.rtl .elementor-widget-divider .elementor-divider__text{direction:rtl}<\/style>\t\t<div class=\"elementor-divider\">\n\t\t\t<span class=\"elementor-divider-separator\">\n\t\t\t\t\t\t<\/span>\n\t\t<\/div>\n\t\t\t\t<\/div>\n\t\t\t\t<\/div>\n\t\t\t\t\t<\/div>\n\t\t<\/div>\n\t\t\t\t\t\t\t<\/div>\n\t\t<\/section>\n\t\t\t\t<section class=\"elementor-section elementor-top-section elementor-element elementor-element-647c407 elementor-section-boxed elementor-section-height-default elementor-section-height-default\" data-id=\"647c407\" data-element_type=\"section\">\n\t\t\t\t\t\t<div class=\"elementor-container elementor-column-gap-default\">\n\t\t\t\t\t<div class=\"elementor-column elementor-col-100 elementor-top-column elementor-element elementor-element-7a37757\" data-id=\"7a37757\" data-element_type=\"column\">\n\t\t\t<div class=\"elementor-widget-wrap elementor-element-populated\">\n\t\t\t\t\t\t\t\t<div class=\"elementor-element elementor-element-a217a4e elementor-widget elementor-widget-heading\" data-id=\"a217a4e\" data-element_type=\"widget\" data-widget_type=\"heading.default\">\n\t\t\t\t<div class=\"elementor-widget-container\">\n\t\t\t<style>\/*! elementor - v3.5.3 - 28-12-2021 *\/\n.elementor-heading-title{padding:0;margin:0;line-height:1}.elementor-widget-heading .elementor-heading-title[class*=elementor-size-]>a{color:inherit;font-size:inherit;line-height:inherit}.elementor-widget-heading .elementor-heading-title.elementor-size-small{font-size:15px}.elementor-widget-heading .elementor-heading-title.elementor-size-medium{font-size:19px}.elementor-widget-heading .elementor-heading-title.elementor-size-large{font-size:29px}.elementor-widget-heading .elementor-heading-title.elementor-size-xl{font-size:39px}.elementor-widget-heading .elementor-heading-title.elementor-size-xxl{font-size:59px}<\/style><h2 class=\"elementor-heading-title elementor-size-default\">Sophie HAMARD<\/h2>\t\t<\/div>\n\t\t\t\t<\/div>\n\t\t\t\t\t<\/div>\n\t\t<\/div>\n\t\t\t\t\t\t\t<\/div>\n\t\t<\/section>\n\t\t\t\t<section class=\"elementor-section elementor-top-section elementor-element elementor-element-0a749d7 elementor-section-boxed elementor-section-height-default elementor-section-height-default\" data-id=\"0a749d7\" data-element_type=\"section\">\n\t\t\t\t\t\t<div class=\"elementor-container elementor-column-gap-default\">\n\t\t\t\t\t<div class=\"elementor-column elementor-col-100 elementor-top-column elementor-element elementor-element-cbd124a\" data-id=\"cbd124a\" data-element_type=\"column\">\n\t\t\t<div class=\"elementor-widget-wrap elementor-element-populated\">\n\t\t\t\t\t\t\t\t<div class=\"elementor-element elementor-element-d84de7d elementor-widget elementor-widget-text-editor\" data-id=\"d84de7d\" data-element_type=\"widget\" data-widget_type=\"text-editor.default\">\n\t\t\t\t<div class=\"elementor-widget-container\">\n\t\t\t<style>\/*! elementor - v3.5.3 - 28-12-2021 *\/\n.elementor-widget-text-editor.elementor-drop-cap-view-stacked .elementor-drop-cap{background-color:#818a91;color:#fff}.elementor-widget-text-editor.elementor-drop-cap-view-framed .elementor-drop-cap{color:#818a91;border:3px solid;background-color:transparent}.elementor-widget-text-editor:not(.elementor-drop-cap-view-default) .elementor-drop-cap{margin-top:8px}.elementor-widget-text-editor:not(.elementor-drop-cap-view-default) .elementor-drop-cap-letter{width:1em;height:1em}.elementor-widget-text-editor .elementor-drop-cap{float:left;text-align:center;line-height:1;font-size:50px}.elementor-widget-text-editor .elementor-drop-cap-letter{display:inline-block}<\/style>\t\t\t\t<h4>Chanteuse &#8211; Guitariste<\/h4>\n<div><p class=\"Parag\" style=\"font-family: Verdana, Arial, Helvetica, sans-serif; font-size: 12px; color: rgb(255, 153, 102); background-color: rgb(0, 0, 0); font-style: normal; font-variant-ligatures: normal; font-variant-caps: normal; font-weight: 400; letter-spacing: normal; orphans: 2; text-align: start; text-indent: 0px; text-transform: none; white-space: normal; widows: 2; word-spacing: 0px; -webkit-text-stroke-width: 0px; text-decoration-thickness: initial; text-decoration-style: initial; text-decoration-color: initial;\">Sophie a commenc\u00e9 \u00e0 chanter d\u00e8s l&rsquo;enfance. Berc\u00e9e aux musiques aussi diverses que Mozart, Ella Fitzgerald, Pink Floyd, les musiques orientales, elle retrace ses racines dans son apprentissage de la musique. Elle prend des cours en chant classique dans des conservatoires de r\u00e9gion, go\u00fbte aux d\u00e9lices du chant de chorale en \u00e9cumant les \u00e9glises de Paris , puis s&rsquo;engage dans plusieurs projets de rock et de pop.<\/p><p class=\"Parag\" style=\"font-family: Verdana, Arial, Helvetica, sans-serif; font-size: 12px; color: rgb(255, 153, 102); background-color: rgb(0, 0, 0); font-style: normal; font-variant-ligatures: normal; font-variant-caps: normal; font-weight: 400; letter-spacing: normal; orphans: 2; text-align: start; text-indent: 0px; text-transform: none; white-space: normal; widows: 2; word-spacing: 0px; -webkit-text-stroke-width: 0px; text-decoration-thickness: initial; text-decoration-style: initial; text-decoration-color: initial;\">Son go\u00fbt pour le Jazz se confirme. Elle suit un cursus intensif \u00e0 la &lsquo;Bill Evans Piano Academy&rsquo;. Elle a particip\u00e9 aux master classes donn\u00e9e par Bernard MAURY, d\u00e9veloppe son oreille en Ear Training avec Kathy ROBERTS et son chant Jazz avec Viviane GINAPE et Michele HENDRICKS<\/p><p class=\"Parag\" style=\"font-family: Verdana, Arial, Helvetica, sans-serif; font-size: 12px; color: rgb(255, 153, 102); background-color: rgb(0, 0, 0); font-style: normal; font-variant-ligatures: normal; font-variant-caps: normal; font-weight: 400; letter-spacing: normal; orphans: 2; text-align: start; text-indent: 0px; text-transform: none; white-space: normal; widows: 2; word-spacing: 0px; -webkit-text-stroke-width: 0px; text-decoration-thickness: initial; text-decoration-style: initial; text-decoration-color: initial;\">Avec<span>&nbsp;<\/span><a href=\"HerveHAMARD.htm\" class=\"sojazz1\" style=\"font-family: Verdana, Arial, Helvetica, sans-serif; font-size: 12px; font-style: normal; line-height: normal; font-weight: bold; color: rgb(255, 0, 0); background-color: rgb(0, 0, 0); border: rgb(0, 0, 0); text-decoration: underline;\">Herv\u00e9<\/a>, elle va monter l&rsquo;association SoJazz, mettre au point un r\u00e9pertoire de standards de Jazz, et le jouer dans diff\u00e9rents clubs de Jazz parisiens (Opus Jazz Club, Sitatunga, Caf\u00e9 Universel, Studio des Islettes &#8230;)<\/p><p class=\"Parag\" style=\"font-family: Verdana, Arial, Helvetica, sans-serif; font-size: 12px; color: rgb(255, 153, 102); background-color: rgb(0, 0, 0); font-style: normal; font-variant-ligatures: normal; font-variant-caps: normal; font-weight: 400; letter-spacing: normal; orphans: 2; text-align: start; text-indent: 0px; text-transform: none; white-space: normal; widows: 2; word-spacing: 0px; -webkit-text-stroke-width: 0px; text-decoration-thickness: initial; text-decoration-style: initial; text-decoration-color: initial;\">Sa rencontre avec un certain Boris Vian lui fait d\u00e9couvrir le bonheur de chanter le Jazz en fran\u00e7ais, ainsi que le passionnant travail de la mise en sc\u00e8ne. Le spectacle &lsquo;Chansons dans le Vian&rsquo; voit le jour au th\u00e9\u00e2tre Luxembourg de Meaux en 2003.<\/p><p class=\"Parag\" style=\"font-family: Verdana, Arial, Helvetica, sans-serif; font-size: 12px; color: rgb(255, 153, 102); background-color: rgb(0, 0, 0); font-style: normal; font-variant-ligatures: normal; font-variant-caps: normal; font-weight: 400; letter-spacing: normal; orphans: 2; text-align: start; text-indent: 0px; text-transform: none; white-space: normal; widows: 2; word-spacing: 0px; -webkit-text-stroke-width: 0px; text-decoration-thickness: initial; text-decoration-style: initial; text-decoration-color: initial;\">Elle prend la g\u00e9rance d&rsquo;une Guinguette sur le Rh\u00f4ne en 2006. C&rsquo;est l&rsquo;endroit id\u00e9al pour d\u00e9velopper une activit\u00e9 musicale intense. Sophie organise les &lsquo;Sc\u00e8nes Ouvertes du Vendredi&rsquo; et programme les &lsquo;Concerts du Samedi&rsquo; &#8211; plus de 230 \u00e9v\u00e8nements en dix-huit mois !<\/p><p class=\"Parag\" style=\"font-family: Verdana, Arial, Helvetica, sans-serif; font-size: 12px; color: rgb(255, 153, 102); background-color: rgb(0, 0, 0); font-style: normal; font-variant-ligatures: normal; font-variant-caps: normal; font-weight: 400; letter-spacing: normal; orphans: 2; text-align: start; text-indent: 0px; text-transform: none; white-space: normal; widows: 2; word-spacing: 0px; -webkit-text-stroke-width: 0px; text-decoration-thickness: initial; text-decoration-style: initial; text-decoration-color: initial;\">Le point culminant de cette carri\u00e8re d&rsquo;organisatrice est incontestablement &#8211; pour l&rsquo;instant &#8211; la cr\u00e9ation et r\u00e9alisation du premier festival de \u00ab\u00a0Musiques du Monde\u00a0\u00bb \u00e0 Vions, l&rsquo;\u00e9t\u00e9 2007. Trois jours, onze groupes, soixante musiciens dont le c\u00e9l\u00e8bre Mokhtar SAMBA (batteur de Ultramarine, Jaco Pastorius, Joe Zawinul, Salif Keita, Youssou&rsquo;N&rsquo;Dour, Carlos Santana, Mori Kante &#8230;)<\/p><p class=\"Parag\" style=\"font-family: Verdana, Arial, Helvetica, sans-serif; font-size: 12px; color: rgb(255, 153, 102); background-color: rgb(0, 0, 0); font-style: normal; font-variant-ligatures: normal; font-variant-caps: normal; font-weight: 400; letter-spacing: normal; orphans: 2; text-align: start; text-indent: 0px; text-transform: none; white-space: normal; widows: 2; word-spacing: 0px; -webkit-text-stroke-width: 0px; text-decoration-thickness: initial; text-decoration-style: initial; text-decoration-color: initial;\">Actuellement, elle r\u00e9alise et enregistre ses compositions avec SoJazz, cr\u00e9\u00e9e un nouveau grand spectacle \u00ab\u00a0Le Bar des Clandestins\u00a0\u00bb avec Michel BIGONI, revoit les &lsquo;<a href=\"Spectacles.htm\" class=\"sojazz1\" style=\"font-family: Verdana, Arial, Helvetica, sans-serif; font-size: 12px; font-style: normal; line-height: normal; font-weight: bold; color: rgb(255, 0, 0); background-color: rgb(0, 0, 0); border: rgb(0, 0, 0); text-decoration: underline;\">Chansons dans le Vian<\/a>&lsquo; avec Bernard VILLANUEVA &#8230; et continue de nous enchanter avec son spectacle \u00ab\u00a0<a href=\"en_coup_de_vian.htm\" class=\"sojazz1\" style=\"font-family: Verdana, Arial, Helvetica, sans-serif; font-size: 12px; font-style: normal; line-height: normal; font-weight: bold; color: rgb(255, 0, 0); background-color: rgb(0, 0, 0); border: rgb(0, 0, 0); text-decoration: underline;\">En Coup De Vian<\/a>\u00a0\u00bb et ses r\u00e9pertoires<span>&nbsp;<\/span><a href=\"Jazz.htm\" class=\"sojazz1\" style=\"font-family: Verdana, Arial, Helvetica, sans-serif; font-size: 12px; font-style: normal; line-height: normal; font-weight: bold; color: rgb(255, 0, 0); background-color: rgb(0, 0, 0); border: rgb(0, 0, 0); text-decoration: underline;\">Jazz<\/a><span>&nbsp;<\/span>et<span>&nbsp;<\/span><a href=\"Variete.htm\" class=\"sojazz1\" style=\"font-family: Verdana, Arial, Helvetica, sans-serif; font-size: 12px; font-style: normal; line-height: normal; font-weight: bold; color: rgb(255, 0, 0); background-color: rgb(0, 0, 0); border: rgb(0, 0, 0); text-decoration: underline;\">Vari\u00e9t\u00e9s internationales<\/a>.<\/p><p class=\"Parag\" style=\"font-family: Verdana, Arial, Helvetica, sans-serif; font-size: 12px; color: rgb(255, 153, 102); background-color: rgb(0, 0, 0); font-style: normal; font-variant-ligatures: normal; font-variant-caps: normal; font-weight: 400; letter-spacing: normal; orphans: 2; text-align: start; text-indent: 0px; text-transform: none; white-space: normal; widows: 2; word-spacing: 0px; -webkit-text-stroke-width: 0px; text-decoration-thickness: initial; text-decoration-style: initial; text-decoration-color: initial;\">Sur sc\u00e8ne, Sophie utilise sa connaissance des techniques vocales pour exprimer sa sensibilit\u00e9 pleine de vie et d&rsquo;\u00e9motions.<\/p><\/div>\t\t\t\t\t\t<\/div>\n\t\t\t\t<\/div>\n\t\t\t\t\t<\/div>\n\t\t<\/div>\n\t\t\t\t\t\t\t<\/div>\n\t\t<\/section>\n\t\t\t\t\t\t<\/div>\n\t\t\t\t\t<\/div>\n\t\t","protected":false},"excerpt":{"rendered":"<p>Sophie HAMARD Chanteuse &#8211; Guitariste Sophie a commenc\u00e9 \u00e0 chanter d\u00e8s l&rsquo;enfance. Berc\u00e9e aux musiques aussi diverses que Mozart, Ella Fitzgerald, Pink Floyd, les musiques orientales, elle retrace ses racines dans son apprentissage de la musique. Elle prend des cours en chant classique dans des conservatoires de r\u00e9gion, go\u00fbte aux d\u00e9lices du chant de chorale &hellip;<\/p>\n<p class=\"read-more\"> <a class=\"\" href=\"https:\/\/www.so-jazz.com\/?page_id=42\"> <span class=\"screen-reader-text\">Sophie<\/span> Lire la suite\u00a0\u00bb<\/a><\/p>\n","protected":false},"author":1,"featured_media":0,"parent":0,"menu_order":0,"comment_status":"closed","ping_status":"closed","template":"","meta":{"site-sidebar-layout":"no-sidebar","site-content-layout":"page-builder","ast-main-header-display":"","ast-hfb-above-header-display":"","ast-hfb-below-header-display":"","ast-hfb-mobile-header-display":"","site-post-title":"disabled","ast-breadcrumbs-content":"","ast-featured-img":"disabled","footer-sml-layout":"","theme-transparent-header-meta":"","adv-header-id-meta":"","stick-header-meta":"","header-above-stick-meta":"","header-main-stick-meta":"","header-below-stick-meta":""},"_links":{"self":[{"href":"https:\/\/www.so-jazz.com\/index.php?rest_route=\/wp\/v2\/pages\/42"}],"collection":[{"href":"https:\/\/www.so-jazz.com\/index.php?rest_route=\/wp\/v2\/pages"}],"about":[{"href":"https:\/\/www.so-jazz.com\/index.php?rest_route=\/wp\/v2\/types\/page"}],"author":[{"embeddable":true,"href":"https:\/\/www.so-jazz.com\/index.php?rest_route=\/wp\/v2\/users\/1"}],"replies":[{"embeddable":true,"href":"https:\/\/www.so-jazz.com\/index.php?rest_route=%2Fwp%2Fv2%2Fcomments&post=42"}],"version-history":[{"count":8,"href":"https:\/\/www.so-jazz.com\/index.php?rest_route=\/wp\/v2\/pages\/42\/revisions"}],"predecessor-version":[{"id":80,"href":"https:\/\/www.so-jazz.com\/index.php?rest_route=\/wp\/v2\/pages\/42\/revisions\/80"}],"wp:attachment":[{"href":"https:\/\/www.so-jazz.com\/index.php?rest_route=%2Fwp%2Fv2%2Fmedia&parent=42"}],"curies":[{"name":"wp","href":"https:\/\/api.w.org\/{rel}","templated":true}]}}